{"id":5434,"date":"2022-09-27T11:03:34","date_gmt":"2022-09-27T09:03:34","guid":{"rendered":"https:\/\/obiaddlataty.pl\/?post_type=product&#038;p=5434"},"modified":"2024-06-25T14:24:03","modified_gmt":"2024-06-25T12:24:03","slug":"slony-kajet","status":"publish","type":"product","link":"https:\/\/obiaddlataty.pl\/index.php\/produkt\/slony-kajet\/","title":{"rendered":"S\u0142ony Kajet Obiaddlataty"},"content":{"rendered":"<p><strong>S\u0142ony Kajet OBIADDLATATY<\/strong>, to zbi\u00f3r 81 wytrawnych przepis\u00f3w, powtarzanych przez obserwator\u00f3w profilu <strong>@obiaddlataty<\/strong> na Instagramie i Facebooku z powodzeniem, setki razy ka\u017cdego dnia!<\/p>\n<p>W e-booku znajduj\u0105 si\u0119 receptury na dania obiadowe, domowe pieczywo, przek\u0105ski, sa\u0142atki i domowe fast foody.<\/p>\n<ul>Mi\u0119dzy innymi:<\/p>\n<li>tradycyjne zupy<\/li>\n<li>\u015bledzie<\/li>\n<li>mi\u0119sne sosy<\/li>\n<li>zapiekanki<\/li>\n<li>bu\u0142eczki \u015bniadaniowe<\/li>\n<\/ul>\n<p>Spis tre\u015bci:<\/p>\n<p><a href=\"https:\/\/obiaddlataty.pl\/index.php\/slony-kajet-spis-tresci-1\/\"><img loading=\"lazy\" decoding=\"async\" class=\"aligncenter wp-image-4249 size-medium\" src=\"https:\/\/obiaddlataty.pl\/wp-content\/uploads\/2022\/09\/slony_spis_1-212x300.jpg\" alt=\"Spis tre\u015bci 1\" width=\"212\" height=\"300\" \/><\/a><a href=\"https:\/\/obiaddlataty.pl\/index.php\/slony-kajet-spis-tresci-2\/\"><img loading=\"lazy\" decoding=\"async\" class=\"aligncenter wp-image-4250 size-medium\" src=\"https:\/\/obiaddlataty.pl\/wp-content\/uploads\/2022\/09\/slony_spis_2-212x300.jpg\" alt=\"Spis tre\u015bci 2\" width=\"212\" height=\"300\" \/><\/a><a href=\"https:\/\/obiaddlataty.pl\/index.php\/slony-kajet-spis-tresci-3\/\"><img loading=\"lazy\" decoding=\"async\" class=\"aligncenter wp-image-4251 size-medium\" src=\"https:\/\/obiaddlataty.pl\/wp-content\/uploads\/2022\/09\/slony_spis_3-212x300.jpg\" alt=\"Spis tre\u015bci 3\" width=\"212\" height=\"300\" \/><\/a><a href=\"https:\/\/obiaddlataty.pl\/index.php\/slony-kajet-spis-tresci-4\/\"><img loading=\"lazy\" decoding=\"async\" class=\"aligncenter wp-image-4249 size-medium\" src=\"https:\/\/obiaddlataty.pl\/wp-content\/uploads\/2022\/09\/slony_spis_4-212x300.jpg\" alt=\"Spis tre\u015bci 4\" width=\"212\" height=\"300\" \/><\/a><\/p>\n<p>Przepisy, z kt\u00f3rych \u015bmia\u0142o mo\u017cna korzysta\u0107 zar\u00f3wno przygotowuj\u0105c \u015bniadanie, obiad jak i kolacj\u0119, a tak\u017ce takie, kt\u00f3re sprawdz\u0105 si\u0119 na spotkaniach z przyjaci\u00f3\u0142mi oraz na rodzinnych obiadach.<\/p>\n<p>E-book podzielony jest na 6 kategorii i zawiera ponad <strong>170 stron<\/strong>. W e-booku znajduje si\u0119 czytelnie przygotowany spis tre\u015bci.<\/p>\n<p>Plik do pobrania jest zapisany w formacie <strong>PDF<\/strong>, dzi\u0119ki czemu z \u0142atwo\u015bci\u0105 mo\u017cna wyszukiwa\u0107 konkretne przepisy. Ca\u0142o\u015b\u0107 pliku zajmuje na dysku twardym 43 MB. Po dokonaniu p\u0142atno\u015bci za zakupiony produkt, limit pobra\u0144 pliku pdf wynosi: 3.<\/p>\n","protected":false},"excerpt":{"rendered":"<p>Nowy e-book od Sylwii @obiaddlataty, zawieraj\u0105cy a\u017c <strong>170 stron<\/strong>. To 81 wytrawnych przepis\u00f3w na najlepsze dania obiadowe, domowe pieczywo, przek\u0105ski, sa\u0142atki i domowe fast foody.<\/p>\n","protected":false},"featured_media":5429,"template":"","meta":[],"product_brand":[],"product_cat":[356],"product_tag":[],"class_list":{"0":"post-5434","1":"product","2":"type-product","3":"status-publish","4":"has-post-thumbnail","6":"product_cat-bez-kategorii","8":"first","9":"instock","10":"downloadable","11":"virtual","12":"purchasable","13":"product-type-simple","14":"h-entry","15":"hentry"},"aioseo_notices":[],"_links":{"self":[{"href":"https:\/\/obiaddlataty.pl\/index.php\/wp-json\/wp\/v2\/product\/5434","targetHints":{"allow":["GET"]}}],"collection":[{"href":"https:\/\/obiaddlataty.pl\/index.php\/wp-json\/wp\/v2\/product"}],"about":[{"href":"https:\/\/obiaddlataty.pl\/index.php\/wp-json\/wp\/v2\/types\/product"}],"wp:featuredmedia":[{"embeddable":true,"href":"https:\/\/obiaddlataty.pl\/index.php\/wp-json\/wp\/v2\/media\/5429"}],"wp:attachment":[{"href":"https:\/\/obiaddlataty.pl\/index.php\/wp-json\/wp\/v2\/media?parent=5434"}],"wp:term":[{"taxonomy":"product_brand","embeddable":true,"href":"https:\/\/obiaddlataty.pl\/index.php\/wp-json\/wp\/v2\/product_brand?post=5434"},{"taxonomy":"product_cat","embeddable":true,"href":"https:\/\/obiaddlataty.pl\/index.php\/wp-json\/wp\/v2\/product_cat?post=5434"},{"taxonomy":"product_tag","embeddable":true,"href":"https:\/\/obiaddlataty.pl\/index.php\/wp-json\/wp\/v2\/product_tag?post=5434"}],"curies":[{"name":"wp","href":"https:\/\/api.w.org\/{rel}","templated":true}]}}