{"id":2796,"date":"2021-11-15T12:25:00","date_gmt":"2021-11-15T11:25:00","guid":{"rendered":"https:\/\/obiaddlataty.pl\/?post_type=product&#038;p=2796"},"modified":"2024-06-25T14:24:24","modified_gmt":"2024-06-25T12:24:24","slug":"slodki-kajet","status":"publish","type":"product","link":"https:\/\/obiaddlataty.pl\/index.php\/produkt\/slodki-kajet\/","title":{"rendered":"S\u0142odki Kajet Obiaddlataty"},"content":{"rendered":"<p><strong>S\u0142odki Kajet OBIADDLATATY<\/strong>, to zbi\u00f3r 77 s\u0142odkich przepis\u00f3w, kt\u00f3re z powodzeniem, wypr\u00f3bowa\u0142o dziesi\u0105tki tysi\u0119cy os\u00f3b obserwuj\u0105cych profil <strong>@obiaddlataty<\/strong> na Instagramie i Facebooku.<\/p>\n<p>W e-booku znajduj\u0105 si\u0119 receptury na ciasta, ciastka, r\u00f3\u017cnego rodzaju s\u0142odkie desery i dro\u017cd\u017cowe wypieki.<\/p>\n<ul>Mi\u0119dzy innymi:<\/p>\n<li>torty bezowe<\/li>\n<li>szarlotki<\/li>\n<li>babeczki<\/li>\n<li>serniki<\/li>\n<li>lody<\/li>\n<li>bu\u0142eczki<\/li>\n<\/ul>\n<p>Spis tre\u015bci:<\/p>\n<p><a href=\"https:\/\/obiaddlataty.pl\/index.php\/slodki-kajet-spis-tresci-1\/\"><img loading=\"lazy\" decoding=\"async\" class=\"aligncenter wp-image-4249 size-medium\" src=\"https:\/\/obiaddlataty.pl\/wp-content\/uploads\/2021\/11\/1-212x300.jpg\" alt=\"Spis tre\u015bci 1\" width=\"212\" height=\"300\" srcset=\"https:\/\/obiaddlataty.pl\/wp-content\/uploads\/2021\/11\/1-212x300.jpg 212w, https:\/\/obiaddlataty.pl\/wp-content\/uploads\/2021\/11\/1-724x1024.jpg 724w, https:\/\/obiaddlataty.pl\/wp-content\/uploads\/2021\/11\/1-768x1086.jpg 768w, https:\/\/obiaddlataty.pl\/wp-content\/uploads\/2021\/11\/1-1086x1536.jpg 1086w, https:\/\/obiaddlataty.pl\/wp-content\/uploads\/2021\/11\/1-960x1358.jpg 960w, https:\/\/obiaddlataty.pl\/wp-content\/uploads\/2021\/11\/1-600x849.jpg 600w, https:\/\/obiaddlataty.pl\/wp-content\/uploads\/2021\/11\/1.jpg 1202w\" sizes=\"auto, (max-width: 212px) 100vw, 212px\" \/><\/a><a href=\"https:\/\/obiaddlataty.pl\/index.php\/slodki-kajet-spis-tresci-2\/\"><img loading=\"lazy\" decoding=\"async\" class=\"aligncenter wp-image-4250 size-medium\" src=\"https:\/\/obiaddlataty.pl\/wp-content\/uploads\/2021\/11\/2-212x300.jpg\" alt=\"Spis tre\u015bci 2\" width=\"212\" height=\"300\" srcset=\"https:\/\/obiaddlataty.pl\/wp-content\/uploads\/2021\/11\/2-212x300.jpg 212w, https:\/\/obiaddlataty.pl\/wp-content\/uploads\/2021\/11\/2-724x1024.jpg 724w, https:\/\/obiaddlataty.pl\/wp-content\/uploads\/2021\/11\/2-768x1086.jpg 768w, https:\/\/obiaddlataty.pl\/wp-content\/uploads\/2021\/11\/2-1086x1536.jpg 1086w, https:\/\/obiaddlataty.pl\/wp-content\/uploads\/2021\/11\/2-960x1358.jpg 960w, https:\/\/obiaddlataty.pl\/wp-content\/uploads\/2021\/11\/2-600x849.jpg 600w, https:\/\/obiaddlataty.pl\/wp-content\/uploads\/2021\/11\/2.jpg 1202w\" sizes=\"auto, (max-width: 212px) 100vw, 212px\" \/><\/a><a href=\"https:\/\/obiaddlataty.pl\/index.php\/slodki-kajet-spis-tresci-3\/\"><img loading=\"lazy\" decoding=\"async\" class=\"aligncenter wp-image-4251 size-medium\" src=\"https:\/\/obiaddlataty.pl\/wp-content\/uploads\/2021\/11\/3-212x300.jpg\" alt=\"Spis tre\u015bci 3\" width=\"212\" height=\"300\" srcset=\"https:\/\/obiaddlataty.pl\/wp-content\/uploads\/2021\/11\/3-212x300.jpg 212w, https:\/\/obiaddlataty.pl\/wp-content\/uploads\/2021\/11\/3-724x1024.jpg 724w, https:\/\/obiaddlataty.pl\/wp-content\/uploads\/2021\/11\/3-768x1086.jpg 768w, https:\/\/obiaddlataty.pl\/wp-content\/uploads\/2021\/11\/3-1086x1536.jpg 1086w, https:\/\/obiaddlataty.pl\/wp-content\/uploads\/2021\/11\/3-960x1358.jpg 960w, https:\/\/obiaddlataty.pl\/wp-content\/uploads\/2021\/11\/3-600x849.jpg 600w, https:\/\/obiaddlataty.pl\/wp-content\/uploads\/2021\/11\/3.jpg 1202w\" sizes=\"auto, (max-width: 212px) 100vw, 212px\" \/><\/a><\/p>\n<p>S\u0105 to przepisy, kt\u00f3re sprawdz\u0105 si\u0119 zar\u00f3wno na co dzie\u0144, jak i umil\u0105 czas z bliskimi przy r\u00f3\u017cnego rodzaju szczeg\u00f3lnych okazjach. Takich jak \u015bwi\u0119ta czy urodziny.<br \/>\nE-book podzielony jest na 4 kategorie i zawiera ponad <strong>160 stron<\/strong>. W e-booku znajduje si\u0119 czytelnie przygotowany spis tre\u015bci.<\/p>\n<p>Plik do pobrania jest zapisany w formacie <strong>PDF<\/strong>, dzi\u0119ki czemu z \u0142atwo\u015bci\u0105 mo\u017cna wyszukiwa\u0107 konkretne przepisy. Ca\u0142o\u015b\u0107 pliku zajmuje na dysku twardym 44 MB. Po dokonaniu p\u0142atno\u015bci za zakupiony produkt, limit pobra\u0144 pliku pdf wynosi: 3.<\/p>\n","protected":false},"excerpt":{"rendered":"<p>Pierwszy e-book od Sylwii @obiaddlataty, zawieraj\u0105cy a\u017c <strong>160 stron<\/strong>. To 77 s\u0142odkich przepis\u00f3w na najlepsze serniki, bezy, szarlotki i dro\u017cd\u017c\u00f3wki.<\/p>\n","protected":false},"featured_media":4191,"template":"","meta":[],"product_brand":[],"product_cat":[356],"product_tag":[],"class_list":{"0":"post-2796","1":"product","2":"type-product","3":"status-publish","4":"has-post-thumbnail","6":"product_cat-bez-kategorii","8":"first","9":"instock","10":"downloadable","11":"virtual","12":"purchasable","13":"product-type-simple","14":"h-entry","15":"hentry"},"aioseo_notices":[],"_links":{"self":[{"href":"https:\/\/obiaddlataty.pl\/index.php\/wp-json\/wp\/v2\/product\/2796","targetHints":{"allow":["GET"]}}],"collection":[{"href":"https:\/\/obiaddlataty.pl\/index.php\/wp-json\/wp\/v2\/product"}],"about":[{"href":"https:\/\/obiaddlataty.pl\/index.php\/wp-json\/wp\/v2\/types\/product"}],"wp:featuredmedia":[{"embeddable":true,"href":"https:\/\/obiaddlataty.pl\/index.php\/wp-json\/wp\/v2\/media\/4191"}],"wp:attachment":[{"href":"https:\/\/obiaddlataty.pl\/index.php\/wp-json\/wp\/v2\/media?parent=2796"}],"wp:term":[{"taxonomy":"product_brand","embeddable":true,"href":"https:\/\/obiaddlataty.pl\/index.php\/wp-json\/wp\/v2\/product_brand?post=2796"},{"taxonomy":"product_cat","embeddable":true,"href":"https:\/\/obiaddlataty.pl\/index.php\/wp-json\/wp\/v2\/product_cat?post=2796"},{"taxonomy":"product_tag","embeddable":true,"href":"https:\/\/obiaddlataty.pl\/index.php\/wp-json\/wp\/v2\/product_tag?post=2796"}],"curies":[{"name":"wp","href":"https:\/\/api.w.org\/{rel}","templated":true}]}}